{"id":60,"date":"2025-07-06T22:12:22","date_gmt":"2025-07-06T22:12:22","guid":{"rendered":"https:\/\/ruajami.meshti.cl\/?page_id=60"},"modified":"2025-07-09T20:08:29","modified_gmt":"2025-07-09T20:08:29","slug":"que-es-ruaj-ami","status":"publish","type":"page","link":"https:\/\/www.ruajami.org\/index.php\/que-es-ruaj-ami\/","title":{"rendered":"\u00bfQU\u00c9 ES RUAJ AMI?"},"content":{"rendered":"\n<p>Es una comunidad jud\u00eda espiritual, religiosa y cultural. Es un lugar de encuentro y es mucho m\u00e1s que eso, porque en esencia RUAJ AMI es una forma de ver y vivir la vida. No hay prejuicios. De verdad. Novatos y veteranos, activistas y ambivalentes, racionalistas y m\u00edsticos; los que aman el hebreo y los que rezan m\u00e1s all\u00e1 de cualquier lenguaje; los que sienten profundamente su identidad y pertenencia al pueblo jud\u00edo pero no necesariamente se entusiasman con sus rituales y los que disfrutan de cada rito en forma apasionada, los que vienen de cualquier configuraci\u00f3n familiar jud\u00eda, los que poseen cualquier tipo orientaci\u00f3n sexual; el dinamismo y orgullo de nuestra comunidad se basa en su pluralismo y diversidad. <\/p>\n\n\n\n<p>Nuestro compromiso no es solamente con aquellos que piensan igual que nosotros sino con todos los que nos necesitan, con cada&nbsp;ser humano de buena voluntad sin distinci\u00f3n. Creemos en una forma de liderazgo que no es vertical ni rabinoc\u00e9ntrica sino horizontal y que empodera a cada uno donde se encuentra&nbsp;con el fin de crecer cada d\u00eda m\u00e1s en su propio viaje. En Ruaj Ami no hay un mismo lugar al que todos deben llegar y acordar sino que estamos para acompa\u00f1arnos celebrando la diferencia de la unidad en la diversidad milenaria de nuestro pueblo y la humanidad. <\/p>\n\n\n\n<p>Rezamos en forma circular sin nadie parado y otros sentados. El contrapunto y la armon\u00eda de nuestras voces y corazones constituye nuestra obra maestra. Aqu\u00ed nadie viene a mirar hacia afuera ni a ser parte de un show sino a mirarse hacia adentro. A no ser servido sino a servirse de espiritualidad.<\/p>\n","protected":false},"excerpt":{"rendered":"<p>Es una comunidad jud\u00eda espiritual, religiosa y cultural. Es un lugar de encuentro y es mucho m\u00e1s que eso, porque en esencia RUAJ AMI es una forma de [&hellip;]<\/p>\n","protected":false},"author":1,"featured_media":0,"parent":0,"menu_order":0,"comment_status":"closed","ping_status":"closed","template":"","meta":{"ngg_post_thumbnail":0,"footnotes":""},"class_list":["post-60","page","type-page","status-publish","hentry"],"_links":{"self":[{"href":"https:\/\/www.ruajami.org\/index.php\/wp-json\/wp\/v2\/pages\/60","targetHints":{"allow":["GET"]}}],"collection":[{"href":"https:\/\/www.ruajami.org\/index.php\/wp-json\/wp\/v2\/pages"}],"about":[{"href":"https:\/\/www.ruajami.org\/index.php\/wp-json\/wp\/v2\/types\/page"}],"author":[{"embeddable":true,"href":"https:\/\/www.ruajami.org\/index.php\/wp-json\/wp\/v2\/users\/1"}],"replies":[{"embeddable":true,"href":"https:\/\/www.ruajami.org\/index.php\/wp-json\/wp\/v2\/comments?post=60"}],"version-history":[{"count":6,"href":"https:\/\/www.ruajami.org\/index.php\/wp-json\/wp\/v2\/pages\/60\/revisions"}],"predecessor-version":[{"id":112,"href":"https:\/\/www.ruajami.org\/index.php\/wp-json\/wp\/v2\/pages\/60\/revisions\/112"}],"wp:attachment":[{"href":"https:\/\/www.ruajami.org\/index.php\/wp-json\/wp\/v2\/media?parent=60"}],"curies":[{"name":"wp","href":"https:\/\/api.w.org\/{rel}","templated":true}]}}