{"id":27,"date":"2025-06-27T05:40:59","date_gmt":"2025-06-27T05:40:59","guid":{"rendered":"https:\/\/ruajami.meshti.cl\/?page_id=27"},"modified":"2025-08-04T18:59:33","modified_gmt":"2025-08-04T18:59:33","slug":"brit-mila-simjat-bat","status":"publish","type":"page","link":"https:\/\/www.ruajami.org\/index.php\/brit-mila-simjat-bat\/","title":{"rendered":"Brit Mila &amp; Simjat Bat"},"content":{"rendered":"\n<p><strong>BRIT MIL\u00c1 Y SIMJAT BAT (Nacimientos)<\/strong><\/p>\n\n\n\nngg_shortcode_0_placeholder\n\n\n\n<p><\/p>\n\n\n\n<p>\u200b<\/p>\n\n\n\n<p>El primer ritual del ciclo de vida jud\u00edo es generalmente el que est\u00e1 conectado al nacimiento. Como en todas las ocasiones importantes, el juda\u00edsmo ha tratado de santificar la ocasi\u00f3n del nacimiento y marcar la incorporaci\u00f3n de un ni\u00f1o reci\u00e9n nacido al pacto con Dios a trav\u00e9s de rituales y ceremonias. La ceremonia al ingresar a un ni\u00f1o al pacto se llama Brit Mila, \u201cun pacto de circuncisi\u00f3n\u201d. Un bris, como se lo llama a menudo, ocurre en el 8 d\u00eda de la vida y no antes, pero puede ser retrasado si hay razones m\u00e9dicas para posponerlo. La ceremonia incluye plegarias espec\u00edficas para recibir al ni\u00f1o en el pueblo jud\u00edo, la circuncisi\u00f3n, el anuncio formal del nombre jud\u00edo o hebreo del ni\u00f1o y bendiciones adicionales. Un bris es una ocasi\u00f3n muy alegre y con frecuencia concluye con una comida de celebraci\u00f3n, tambi\u00e9n conocida como seudat mitzva. El desempe\u00f1o de la circuncisi\u00f3n es en realidad una obligaci\u00f3n para el padre del ni\u00f1o, pero normalmente se designa al mohel, un especialista en el ritual de la circuncisi\u00f3n, para que lo haga por \u00e9l. Un m\u00e9dico jud\u00edo tambi\u00e9n puede servir como mohel siempre y cuando haya pasado por un proceso de entrenamiento para aprender los requisitos particulares de la circuncisi\u00f3n ritual.&nbsp;<\/p>\n\n\n\n<p>Mientras que el Brit Mila es una tradici\u00f3n milenaria en el juda\u00edsmo, nunca ha habido un ritual o ceremonia formal para dar la bienvenida a una ni\u00f1a en el pueblo jud\u00edo. Diferentes comunidades en diferentes \u00e9pocas tanto antiguas como medievales han utilizado una variedad de rituales y en las \u00faltimas d\u00e9cadas se han actualizado o incluso creado nuevas formas a medida que el juda\u00edsmo se ha vuelto m\u00e1s igualitario. La ceremonia para una ni\u00f1a se conoce como simjat bat y no tiene tiempo fijo. Algunos padres han optado por realizar un ritual dentro de los primeros d\u00edas del nacimiento, algunos otros en el d\u00eda 8 como paralelo al Brit Mila y otros en el primer Rosh Jodesh (nuevo mes hebreo) ya que Rosh Jodesh es un d\u00eda de fiesta asociado con las mujeres. Algunos celebran despu\u00e9s que la beba tiene un mes de vida, otros en el primer cumplea\u00f1os y algunos en una fecha que es simplemente conveniente para los amigos y la familia para reunirse. La ceremonia de un simjat bat se divide en dos partes, una donde la beb\u00e9 recibe bendiciones y la otra, recibe su nombre hebreo. Este nombre reforzar\u00e1 su identidad jud\u00eda, su conexi\u00f3n y su pertenencia a nuestra milenaria tradici\u00f3n. Adem\u00e1s, es una oportunidad para los padres de subir a la Tor\u00e1 y expresar su agradecimiento por el milagro de la creaci\u00f3n y por la trascendencia del paso de una generaci\u00f3n a otra. La ceremonia de simjat bat se realiza en torno a Shajarit -servicio matutino- de Shabat. En Shajarit se leer\u00e1 de la Tor\u00e1, un hermoso momento para honrar a las personas que acompa\u00f1ar\u00e1n a su hija a lo largo de su vida. &nbsp;Para ello, deber\u00e1n comunicar con anticipaci\u00f3n a quienes deseen honrar. Se acostumbra que los padres reciban la \u00faltima ali\u00e1. Con la \u00faltima ali\u00e1 -con los padres presentes y la ni\u00f1a en sus brazos- se la bendice y se anuncia el nombre hebreo. Luego de la ceremonia &nbsp;se acostumbra a hacer un Kidush en honor a la reci\u00e9n nacida. En ese momento (kidush) es una ocasi\u00f3n muy especial para que los amigos o familiares dediquen unas palabras, un brindis, una canci\u00f3n, etc. &nbsp;&nbsp;<\/p>\n\n\n\n<p>Si necesitas m\u00e1s informaci\u00f3n, detalles o ayuda&nbsp;escr\u00edbenos&nbsp;a&nbsp;<a href=\"mailto:contacto@ruajami.cl\">contacto@ruajami.cl<\/a>&nbsp;y nos pondremos en contacto a la brevedad.<\/p>\n","protected":false},"excerpt":{"rendered":"<p>BRIT MIL\u00c1 Y SIMJAT BAT (Nacimientos) \u200b El primer ritual del ciclo de vida jud\u00edo es generalmente el que est\u00e1 conectado al nacimiento. Como en todas las ocasiones [&hellip;]<\/p>\n","protected":false},"author":1,"featured_media":0,"parent":0,"menu_order":0,"comment_status":"closed","ping_status":"closed","template":"","meta":{"ngg_post_thumbnail":0,"footnotes":""},"class_list":["post-27","page","type-page","status-publish","hentry"],"_links":{"self":[{"href":"https:\/\/www.ruajami.org\/index.php\/wp-json\/wp\/v2\/pages\/27","targetHints":{"allow":["GET"]}}],"collection":[{"href":"https:\/\/www.ruajami.org\/index.php\/wp-json\/wp\/v2\/pages"}],"about":[{"href":"https:\/\/www.ruajami.org\/index.php\/wp-json\/wp\/v2\/types\/page"}],"author":[{"embeddable":true,"href":"https:\/\/www.ruajami.org\/index.php\/wp-json\/wp\/v2\/users\/1"}],"replies":[{"embeddable":true,"href":"https:\/\/www.ruajami.org\/index.php\/wp-json\/wp\/v2\/comments?post=27"}],"version-history":[{"count":15,"href":"https:\/\/www.ruajami.org\/index.php\/wp-json\/wp\/v2\/pages\/27\/revisions"}],"predecessor-version":[{"id":761,"href":"https:\/\/www.ruajami.org\/index.php\/wp-json\/wp\/v2\/pages\/27\/revisions\/761"}],"wp:attachment":[{"href":"https:\/\/www.ruajami.org\/index.php\/wp-json\/wp\/v2\/media?parent=27"}],"curies":[{"name":"wp","href":"https:\/\/api.w.org\/{rel}","templated":true}]}}