{"id":152,"date":"2025-07-14T02:54:21","date_gmt":"2025-07-14T02:54:21","guid":{"rendered":"https:\/\/ruajami.meshti.cl\/?page_id=152"},"modified":"2025-07-14T02:54:21","modified_gmt":"2025-07-14T02:54:21","slug":"declaracion-de-principios","status":"publish","type":"page","link":"https:\/\/www.ruajami.org\/index.php\/declaracion-de-principios\/","title":{"rendered":"Declaraci\u00f3n de Principios"},"content":{"rendered":"\n<p>De acuerdo a sus estatutos y a la idea de sus fundadores y continuadores, Ruaj Ami es una Comunidad Jud\u00eda Liberal (Reformista), que abre sus puertas a hombres y mujeres que tengan una visi\u00f3n progresista del juda\u00edsmo. Esto significa que hombres y mujeres cuentan para el minyan, pueden leer Tor\u00e1 y realizar todas las actividades religiosas habitualmente reservadas a los varones en el juda\u00edsmo tradicional. Adherimos plenamente a esta visi\u00f3n.<\/p>\n\n\n\n<p>&nbsp;&nbsp;&nbsp;&nbsp;&nbsp;&nbsp;Nuestro juda\u00edsmo es modernista, esto es, no nos consideramos viviendo en una isla o burbuja; todos los asuntos y acontecimientos del mundo en que vivimos, en especial en Chile y en Israel, nos interesan para tratar de insuflar donde podamos los valores judaicos tradicionales impl\u00edcitos en el Tikun Olam (mejoramiento del mundo). Tambi\u00e9n estamos absolutamente abiertos a relacionarnos con personas pertenecientes a toda clase de diversidades y, por cierto, a comunidades de otros credos religiosos para aprehender de ellos sus valores y ense\u00f1arles los nuestros; creemos que esta actividad contribuye a formar ciudadanos del mundo \u00fatiles y equilibrados.<\/p>\n\n\n\n<p>&nbsp;&nbsp;&nbsp;&nbsp;&nbsp;Nada de lo que acontece en la sociedad en que vivimos nos es ajeno, y cada uno tiene derecho a tomar una posici\u00f3n filos\u00f3fica o pol\u00edtica respecto de cualquier tema, pero debe y puede hacerlo en las numerosas instancias espec\u00edficas que para ello existen. La pol\u00edtica partidista, general o contingente, <strong><em>no tiene cabida en Ruaj Ami<\/em><\/strong>; es algo que divide, lo que ha sido demostrado en innumerables ocasiones. Como instituci\u00f3n formada por jud\u00edos tenemos much\u00edsimas cosas que nos unen y debemos hacer \u00e9nfasis en ellas m\u00e1s que en los asuntos que tiendan a alejarnos unos de otros.<\/p>\n\n\n\n<p>&nbsp;&nbsp;&nbsp;&nbsp;&nbsp;La misi\u00f3n de Ruaj Ami es acompa\u00f1ar a sus integrantes en cada una de las etapas del ciclo de vida jud\u00edo. La finalidad de Ruaj Ami est\u00e1 conformada por las tres grandes columnas del juda\u00edsmo: la Avod\u00e1 (servicio religioso), el estudio de la Tor\u00e1 y Guemilut Jasadim (obras de beneficencia: preocuparnos del pr\u00f3jimo, del enfermo, de las viudas, de los hu\u00e9rfanos y de los discriminados, todo esto en un ambiente de fraternal comunidad).&nbsp;<\/p>\n\n\n\n<p>&nbsp;&nbsp;&nbsp;&nbsp;&nbsp;Por otra parte, la cultura jud\u00eda en sus distintas manifestaciones y tambi\u00e9n la cultura general nos son importantes; debemos fomentar su conocimiento y estudio de diversas formas, incluyendo de manera sustantiva las actividades interreligiosas.<\/p>\n\n\n\n<p>&nbsp;&nbsp;&nbsp;&nbsp;&nbsp;La relaci\u00f3n con nuestra tierra ancestral la realizamos mediante el estudio del <strong>Sionismo<\/strong>, que desarrollamos decidida y claramente a trav\u00e9s de una adhesi\u00f3n absoluta e irrestricta a la existencia y progreso permanente del <strong>Estado de Israel<\/strong>, ojal\u00e1 en paz con los pa\u00edses y pueblos vecinos. Sobre la pol\u00edtica interna del Estado de Israel no nos corresponde pronunciarnos como Comunidad.<\/p>\n\n\n\n<p>&nbsp;&nbsp;&nbsp;&nbsp;&nbsp;Invitamos a todos los amigos de Ruaj Ami, los antiguos y los nuevos, incluyendo a quienes no son hal\u00e1jicamente jud\u00edos todav\u00eda, a participar en las actividades de nuestra renovada Comunidad.<\/p>\n\n\n\n<p>&nbsp;&nbsp;&nbsp;&nbsp;&nbsp;&nbsp;&nbsp;&nbsp;&nbsp;&nbsp;&nbsp;&nbsp;&nbsp;&nbsp;&nbsp;&nbsp;&nbsp;&nbsp;&nbsp;&nbsp;&nbsp;&nbsp;&nbsp;&nbsp;&nbsp;&nbsp;&nbsp;&nbsp;&nbsp;&nbsp;&nbsp;&nbsp;&nbsp;&nbsp;&nbsp;&nbsp;&nbsp;&nbsp;&nbsp;&nbsp;&nbsp;&nbsp;&nbsp;&nbsp;&nbsp;&nbsp;&nbsp;&nbsp;&nbsp;&nbsp;&nbsp;&nbsp;&nbsp;&nbsp;&nbsp;&nbsp;&nbsp;&nbsp;&nbsp;&nbsp;&nbsp;&nbsp;&nbsp;&nbsp;Santiago de Chile, 30 de junio de 2023.<\/p>\n\n\n\n<p>&nbsp;&nbsp;&nbsp;&nbsp;&nbsp;&nbsp;&nbsp;&nbsp;&nbsp;&nbsp;&nbsp;&nbsp;&nbsp;&nbsp;&nbsp;&nbsp;&nbsp;&nbsp;&nbsp;&nbsp;&nbsp;&nbsp;&nbsp;&nbsp;&nbsp;&nbsp;&nbsp;&nbsp;&nbsp;&nbsp;&nbsp;&nbsp;&nbsp;&nbsp;&nbsp;&nbsp;&nbsp;&nbsp;&nbsp;&nbsp;&nbsp;&nbsp;&nbsp;&nbsp;&nbsp;&nbsp;&nbsp;&nbsp;&nbsp;&nbsp;&nbsp;&nbsp;&nbsp;&nbsp;&nbsp;&nbsp;&nbsp;&nbsp;&nbsp;&nbsp;&nbsp;&nbsp;&nbsp;&nbsp;&nbsp;&nbsp;&nbsp;&nbsp;&nbsp;&nbsp;&nbsp;&nbsp;&nbsp;&nbsp;&nbsp;&nbsp;&nbsp;&nbsp;&nbsp;&nbsp;&nbsp;&nbsp;&nbsp;&nbsp;&nbsp;&nbsp;&nbsp;&nbsp;&nbsp;&nbsp;&nbsp;&nbsp;&nbsp;&nbsp;&nbsp;11 de Tamuz, 5783.<\/p>\n","protected":false},"excerpt":{"rendered":"<p>De acuerdo a sus estatutos y a la idea de sus fundadores y continuadores, Ruaj Ami es una Comunidad Jud\u00eda Liberal (Reformista), que abre sus puertas a hombres [&hellip;]<\/p>\n","protected":false},"author":1,"featured_media":0,"parent":0,"menu_order":0,"comment_status":"closed","ping_status":"closed","template":"","meta":{"ngg_post_thumbnail":0,"footnotes":""},"class_list":["post-152","page","type-page","status-publish","hentry"],"_links":{"self":[{"href":"https:\/\/www.ruajami.org\/index.php\/wp-json\/wp\/v2\/pages\/152","targetHints":{"allow":["GET"]}}],"collection":[{"href":"https:\/\/www.ruajami.org\/index.php\/wp-json\/wp\/v2\/pages"}],"about":[{"href":"https:\/\/www.ruajami.org\/index.php\/wp-json\/wp\/v2\/types\/page"}],"author":[{"embeddable":true,"href":"https:\/\/www.ruajami.org\/index.php\/wp-json\/wp\/v2\/users\/1"}],"replies":[{"embeddable":true,"href":"https:\/\/www.ruajami.org\/index.php\/wp-json\/wp\/v2\/comments?post=152"}],"version-history":[{"count":1,"href":"https:\/\/www.ruajami.org\/index.php\/wp-json\/wp\/v2\/pages\/152\/revisions"}],"predecessor-version":[{"id":157,"href":"https:\/\/www.ruajami.org\/index.php\/wp-json\/wp\/v2\/pages\/152\/revisions\/157"}],"wp:attachment":[{"href":"https:\/\/www.ruajami.org\/index.php\/wp-json\/wp\/v2\/media?parent=152"}],"curies":[{"name":"wp","href":"https:\/\/api.w.org\/{rel}","templated":true}]}}